{"id":4062,"date":"2024-10-16T14:32:41","date_gmt":"2024-10-16T14:32:41","guid":{"rendered":"https:\/\/ecomsolution.dev\/convalescence\/?page_id=4062"},"modified":"2024-10-16T14:32:42","modified_gmt":"2024-10-16T14:32:42","slug":"%d8%b3%d9%8a%d8%a7%d8%b3%d8%a9-%d8%a7%d9%84%d8%ae%d8%b5%d9%88%d8%b5%d9%8a%d8%a9","status":"publish","type":"page","link":"https:\/\/ecomsolution.dev\/convalescence\/ar\/%d8%b3%d9%8a%d8%a7%d8%b3%d8%a9-%d8%a7%d9%84%d8%ae%d8%b5%d9%88%d8%b5%d9%8a%d8%a9\/","title":{"rendered":"\u0633\u064a\u0627\u0633\u0629 \u0627\u0644\u062e\u0635\u0648\u0635\u064a\u0629"},"content":{"rendered":"<style>.elementor-4062 .elementor-element.elementor-element-76a61a9{margin-top:100px;margin-bottom:0px;padding:0px 0px 100px 0px;}.elementor-4062 .elementor-element.elementor-element-a5a4f00 .pbmit-heading-desc{font-family:\"Oswald\", Sans-serif;font-weight:400;}.elementor-widget-text-editor{color:var( --e-global-color-text );}.elementor-widget-text-editor.elementor-drop-cap-view-stacked .elementor-drop-cap{background-color:var( --e-global-color-primary );}.elementor-widget-text-editor.elementor-drop-cap-view-framed .elementor-drop-cap, .elementor-widget-text-editor.elementor-drop-cap-view-default .elementor-drop-cap{color:var( --e-global-color-primary );border-color:var( --e-global-color-primary );}.elementor-4062 .elementor-element.elementor-element-186808e{font-family:\"Oswald\", Sans-serif;font-weight:400;}.elementor-4062 .elementor-element.elementor-element-d778df8{font-family:\"Oswald\", Sans-serif;font-weight:400;}.elementor-4062 .elementor-element.elementor-element-1b69b19{font-family:\"Oswald\", Sans-serif;font-weight:400;}.elementor-4062 .elementor-element.elementor-element-4782a34{font-family:\"Oswald\", Sans-serif;font-weight:400;}.elementor-4062 .elementor-element.elementor-element-7522309{font-family:\"Oswald\", Sans-serif;font-weight:400;}.elementor-4062 .elementor-element.elementor-element-407c51f > .elementor-container > .elementor-column > .elementor-widget-wrap{align-content:center;align-items:center;}.elementor-4062 .elementor-element.elementor-element-407c51f > .elementor-background-overlay{background-color:#00794D;opacity:0.5;transition:background 0.3s, border-radius 0.3s, opacity 0.3s;}.elementor-4062 .elementor-element.elementor-element-407c51f{transition:background 0.3s, border 0.3s, border-radius 0.3s, box-shadow 0.3s;padding:36px 0px 36px 0px;}.elementor-4062 .elementor-element.elementor-element-26af330 > .elementor-element-populated{padding:0px 15px 0px 12px;}.elementor-widget-icon-list .elementor-icon-list-item:not(:last-child):after{border-color:var( --e-global-color-text );}.elementor-widget-icon-list .elementor-icon-list-icon i{color:var( --e-global-color-primary );}.elementor-widget-icon-list .elementor-icon-list-icon svg{fill:var( --e-global-color-primary );}.elementor-widget-icon-list .elementor-icon-list-text{color:var( --e-global-color-secondary );}.elementor-4062 .elementor-element.elementor-element-1b8b80f .elementor-icon-list-icon i{transition:color 0.3s;}.elementor-4062 .elementor-element.elementor-element-1b8b80f .elementor-icon-list-icon svg{transition:fill 0.3s;}.elementor-4062 .elementor-element.elementor-element-1b8b80f{--e-icon-list-icon-size:14px;--icon-vertical-offset:0px;}.elementor-4062 .elementor-element.elementor-element-1b8b80f .elementor-icon-list-item > .elementor-icon-list-text, .elementor-4062 .elementor-element.elementor-element-1b8b80f .elementor-icon-list-item > a{font-family:\"Oswald\", Sans-serif;}.elementor-4062 .elementor-element.elementor-element-1b8b80f .elementor-icon-list-text{transition:color 0.3s;}.elementor-4062 .elementor-element.elementor-element-debb3dc > .elementor-element-populated{padding:0px 0px 0px 15px;}.elementor-4062 .elementor-element.elementor-element-97870e6 > .elementor-element-populated{padding:0px 12px 0px 15px;}@media(max-width:1024px){.elementor-4062 .elementor-element.elementor-element-407c51f{padding:36px 30px 36px 30px;}.elementor-4062 .elementor-element.elementor-element-26af330 > .elementor-element-populated{padding:0px 0px 30px 0px;}.elementor-4062 .elementor-element.elementor-element-debb3dc > .elementor-element-populated{padding:0px 15px 0px 0px;}.elementor-4062 .elementor-element.elementor-element-97870e6 > .elementor-element-populated{padding:0px 0px 0px 15px;}}@media(max-width:767px){.elementor-4062 .elementor-element.elementor-element-76a61a9{padding:0px 0px 40px 0px;}.elementor-4062 .elementor-element.elementor-element-debb3dc > .elementor-element-populated{padding:0px 0px 0px 0px;}.elementor-4062 .elementor-element.elementor-element-97870e6 > .elementor-element-populated{padding:20px 0px 0px 0px;}}@media(min-width:768px){.elementor-4062 .elementor-element.elementor-element-26af330{width:55%;}.elementor-4062 .elementor-element.elementor-element-debb3dc{width:25%;}.elementor-4062 .elementor-element.elementor-element-97870e6{width:19.753%;}}@media(max-width:1024px) and (min-width:768px){.elementor-4062 .elementor-element.elementor-element-26af330{width:100%;}.elementor-4062 .elementor-element.elementor-element-debb3dc{width:50%;}.elementor-4062 .elementor-element.elementor-element-97870e6{width:50%;}}<\/style>\t\t<div data-elementor-type=\"wp-page\" data-elementor-id=\"4062\" class=\"elementor elementor-4062\" data-elementor-post-type=\"page\">\n\t\t\t\t\t\t<section class=\"elementor-section elementor-top-section elementor-element elementor-element-76a61a9 pbmit-col-stretched-none pbmit-bg-color-over-image elementor-section-boxed elementor-section-height-default elementor-section-height-default\" data-id=\"76a61a9\" data-element_type=\"section\">\n\t\t\t\t\t\t<div class=\"elementor-container elementor-column-gap-no\">\n\t\t\t\t\t<div class=\"elementor-column elementor-col-100 elementor-top-column elementor-element elementor-element-d3078d7 pbmit-bg-color-yes pbmit-elementor-bg-color-light pbmit-bg-color-over-image\" data-id=\"d3078d7\" data-element_type=\"column\">\n\t\t\t<div class=\"elementor-widget-wrap elementor-element-populated\">\n\t\t\t\t\t\t<div class=\"elementor-element elementor-element-a5a4f00 elementor-widget elementor-widget-pbmit_heading\" data-id=\"a5a4f00\" data-element_type=\"widget\" data-widget_type=\"pbmit_heading.default\">\n\t\t\t\t<div class=\"elementor-widget-container\">\n\t\t\t\t\t\t<div class=\"pbmit-heading-subheading pbmit-reverse-heading-yes animation-style2\"><h4 class=\"pbmit-element-subtitle\"><span>\r\n\t\t\t<\/span>\r\n\t\t\t\r\n\t\t\t\tPolitique de confidentialit\u00e9\r\n\t\t\t\r\n\t\t\t<\/h4>\r\n\t\t<\/div>\t\t\t\t<\/div>\n\t\t\t\t<\/div>\n\t\t\t\t<div class=\"elementor-element elementor-element-186808e elementor-widget elementor-widget-text-editor\" data-id=\"186808e\" data-element_type=\"widget\" data-widget_type=\"text-editor.default\">\n\t\t\t\t<div class=\"elementor-widget-container\">\n\t\t\t\t\t\t\t\t\t<p>Conform\u00e9ment aux dispositions de la <b>Loi organique n\u00b0 2004-63 du 27 juillet 2004, portant sur la protection des donn\u00e9es \u00e0 caract\u00e8re personnel <\/b>en Tunisie, Convalescence Gammarth s\u2019engage \u00e0 assurer la protection des informations personnelles collect\u00e9es aupr\u00e8s des utilisateurs du site internet.<br \/>Les informations suivantes sont fournies dans le cadre de cette l\u00e9gislation :<\/p>\t\t\t\t\t\t\t\t<\/div>\n\t\t\t\t<\/div>\n\t\t\t\t<div class=\"elementor-element elementor-element-d778df8 elementor-widget elementor-widget-text-editor\" data-id=\"d778df8\" data-element_type=\"widget\" data-widget_type=\"text-editor.default\">\n\t\t\t\t<div class=\"elementor-widget-container\">\n\t\t\t\t\t\t\t\t\t<p><strong>\u00c9diteur du site<\/strong><br \/>Le site internet est \u00e9dit\u00e9 par : Ecom Solution\u00a0<\/p><p><strong>Forme juridique :<\/strong> S.A.R.L<br \/><strong>Adresse du si\u00e8ge social :<\/strong> B9, 1er \u00e9tage, Centre Millenium,<br \/>Route de la Marsa, Tunis 2046, Tunisie<br \/><strong>Num\u00e9ro de t\u00e9l\u00e9phone :<\/strong> +216 71 854 035<br \/><strong>Adresse e-mail :<\/strong> contact@ecomsolution.fr<\/p>\t\t\t\t\t\t\t\t<\/div>\n\t\t\t\t<\/div>\n\t\t\t\t<div class=\"elementor-element elementor-element-1b69b19 elementor-widget elementor-widget-text-editor\" data-id=\"1b69b19\" data-element_type=\"widget\" data-widget_type=\"text-editor.default\">\n\t\t\t\t<div class=\"elementor-widget-container\">\n\t\t\t\t\t\t\t\t\t<p><strong>H\u00e9bergement du site<\/strong><\/p><p>Le site est h\u00e9berg\u00e9 par :<br \/><strong>Nom de l\u2019h\u00e9bergeur :<\/strong><br \/><strong>Adresse :<\/strong><br \/><strong>Num\u00e9ro de t\u00e9l\u00e9phone :<\/strong><br \/><strong>E-mail :<\/strong><\/p>\t\t\t\t\t\t\t\t<\/div>\n\t\t\t\t<\/div>\n\t\t\t\t<div class=\"elementor-element elementor-element-4782a34 elementor-widget elementor-widget-text-editor\" data-id=\"4782a34\" data-element_type=\"widget\" data-widget_type=\"text-editor.default\">\n\t\t\t\t<div class=\"elementor-widget-container\">\n\t\t\t\t\t\t\t\t\t<p><strong>Collecte et traitement des donn\u00e9es personnelles<\/strong><\/p><p>Les donn\u00e9es personnelles collect\u00e9es sur ce site sont trait\u00e9es dans le respect des dispositions de la <strong>Loi organique n\u00b0 2004-63 du 27 juillet 2004, portant sur la protection des donn\u00e9es \u00e0 caract\u00e8re personnel<\/strong> en Tunisie. Toute information fournie volontairement par les utilisateurs (telles que nom, pr\u00e9nom, adresse e-mail, etc.) sera exclusivement utilis\u00e9e \u00e0 des fins internes (gestion des patients, envoi de newsletters, etc.) et ne sera en aucun cas partag\u00e9e avec des tiers sans consentement pr\u00e9alable.<\/p><p>Conform\u00e9ment \u00e0 la loi, vous disposez des droits suivants :<br \/>\u2022 <strong>Droit d\u2019acc\u00e8s :<\/strong> vous pouvez demander \u00e0 acc\u00e9der aux donn\u00e9es personnelles vous concernant.<br \/>\u2022 <strong>Droit de rectification :<\/strong> vous pouvez demander la correction de donn\u00e9es inexactes ou incompl\u00e8tes.<br \/>\u2022 <strong>Droit d\u2019opposition :<\/strong> vous pouvez vous opposer \u00e0 tout moment au traitement de vos donn\u00e9es personnelles, sauf en cas d\u2019obligations l\u00e9gales ou contractuelles.<\/p>\t\t\t\t\t\t\t\t<\/div>\n\t\t\t\t<\/div>\n\t\t\t\t<div class=\"elementor-element elementor-element-7522309 elementor-widget elementor-widget-text-editor\" data-id=\"7522309\" data-element_type=\"widget\" data-widget_type=\"text-editor.default\">\n\t\t\t\t<div class=\"elementor-widget-container\">\n\t\t\t\t\t\t\t\t\t<p><strong>S\u00e9curit\u00e9 des donn\u00e9es<\/strong><\/p><p>Convalescence Gammarth s\u2019engage \u00e0 garantir la s\u00e9curit\u00e9 des donn\u00e9es personnelles recueillies et \u00e0 prendre toutes les mesures n\u00e9cessaires pour pr\u00e9venir leur alt\u00e9ration, destruction, ou acc\u00e8s non autoris\u00e9.<\/p><p><strong>Modification de la politique de confidentialit\u00e9<\/strong><br \/>Le centre se r\u00e9serve le droit de modifier la pr\u00e9sente politique de confidentialit\u00e9 \u00e0 tout moment, notamment pour se conformer aux \u00e9volutions l\u00e9gislatives. Toute modification sera publi\u00e9e sur cette page et prendra effet d\u00e8s sa mise en ligne.<\/p><p><strong>Contact<\/strong><br \/>Pour toute question ou r\u00e9clamation relative \u00e0 la pr\u00e9sente politique de confidentialit\u00e9, vous pouvez nous contacter \u00e0 l\u2019adresse suivante :<br \/>58 Bis, Avenue de l&#8217;environnement Gammarth 1057 &#8211; La Marsa, Tunis, Tunisie.<br \/><a href=\"tel:(+216) 71 917 905\">(+216) 71 917 905<\/a><br \/><a href=\"mailto:contact@convalescencegammarth.com\">contact@convalescencegammarth.com<\/a><\/p><p>En utilisant ce site, vous reconnaissez avoir pris connaissance de la pr\u00e9sente politique de confidentialit\u00e9 et en accepter les termes.<\/p>\t\t\t\t\t\t\t\t<\/div>\n\t\t\t\t<\/div>\n\t\t\t\t\t<\/div>\n\t\t<\/div>\n\t\t\t\t\t<\/div>\n\t\t<\/section>\n\t\t\t\t<section class=\"elementor-section elementor-top-section elementor-element elementor-element-407c51f pbmit-bg-color-yes pbmit-elementor-bg-color-blackish elementor-section-content-middle elementor-section-stretched pbmit-text-color-white pbmit-col-stretched-none pbmit-bg-color-over-image elementor-section-boxed elementor-section-height-default elementor-section-height-default\" data-id=\"407c51f\" data-element_type=\"section\" data-settings=\"{&quot;stretch_section&quot;:&quot;section-stretched&quot;,&quot;background_background&quot;:&quot;classic&quot;}\">\n\t\t\t\t\t\t\t<div class=\"elementor-background-overlay\"><\/div>\n\t\t\t\t\t\t\t<div class=\"elementor-container elementor-column-gap-no\">\n\t\t\t\t\t<div class=\"elementor-column elementor-col-50 elementor-top-column elementor-element elementor-element-26af330 pbmit-bg-color-over-image\" data-id=\"26af330\" data-element_type=\"column\">\n\t\t\t<div class=\"elementor-widget-wrap elementor-element-populated\">\n\t\t\t\t\t\t<div class=\"elementor-element elementor-element-1b8b80f elementor-icon-list--layout-inline pbmit-footer-menu-top elementor-list-item-link-full_width elementor-widget elementor-widget-icon-list\" data-id=\"1b8b80f\" data-element_type=\"widget\" data-widget_type=\"icon-list.default\">\n\t\t\t\t<div class=\"elementor-widget-container\">\n\t\t\t\t\t\t\t<ul class=\"elementor-icon-list-items elementor-inline-items\">\n\t\t\t\t\t\t\t<li class=\"elementor-icon-list-item elementor-inline-item\">\n\t\t\t\t\t\t\t\t\t\t\t<a href=\"https:\/\/ecomsolution.dev\/convalescence\/notre-histoire\/\">\n\n\t\t\t\t\t\t\t\t\t\t\t<span class=\"elementor-icon-list-text\">Notre histoire<\/span>\n\t\t\t\t\t\t\t\t\t\t\t<\/a>\n\t\t\t\t\t\t\t\t\t<\/li>\n\t\t\t\t\t\t\t\t<li class=\"elementor-icon-list-item elementor-inline-item\">\n\t\t\t\t\t\t\t\t\t\t\t<a href=\"https:\/\/ecomsolution.dev\/convalescence\/notre-equipe\/\">\n\n\t\t\t\t\t\t\t\t\t\t\t<span class=\"elementor-icon-list-text\">Notre \u00e9quipe<\/span>\n\t\t\t\t\t\t\t\t\t\t\t<\/a>\n\t\t\t\t\t\t\t\t\t<\/li>\n\t\t\t\t\t\t\t\t<li class=\"elementor-icon-list-item elementor-inline-item\">\n\t\t\t\t\t\t\t\t\t\t\t<a href=\"https:\/\/ecomsolution.dev\/convalescence\/faq\/\">\n\n\t\t\t\t\t\t\t\t\t\t\t<span class=\"elementor-icon-list-text\">FAQ<\/span>\n\t\t\t\t\t\t\t\t\t\t\t<\/a>\n\t\t\t\t\t\t\t\t\t<\/li>\n\t\t\t\t\t\t<\/ul>\n\t\t\t\t\t\t<\/div>\n\t\t\t\t<\/div>\n\t\t\t\t\t<\/div>\n\t\t<\/div>\n\t\t\t\t<div class=\"elementor-column elementor-col-25 elementor-top-column elementor-element elementor-element-debb3dc pbmit-bg-color-over-image\" data-id=\"debb3dc\" data-element_type=\"column\">\n\t\t\t<div class=\"elementor-widget-wrap elementor-element-populated\">\n\t\t\t\t\t\t<div class=\"elementor-element elementor-element-7cdc5d7 logoElem elementor-widget elementor-widget-pbmit_icon_heading\" data-id=\"7cdc5d7\" data-element_type=\"widget\" data-widget_type=\"pbmit_icon_heading.default\">\n\t\t\t\t<div class=\"elementor-widget-container\">\n\t\t\t\t\t<div class=\"pbmit-ihbox pbmit-ihbox-style-13\"><div class=\"pbmit-ihbox-box\">\r\n\t<div class=\"pbmit-ihbox-icon\"><div class=\"pbmit-ihbox-icon-wrapper pbmit-icon-type-icon\"><i class=\"pbmit-xcare-icon pbmit-xcare-icon-phone-call\"><\/i><\/div><\/div>\t<div class=\"pbmit-ihbox-contents\">\r\n\t\t\t\t\t<h2 class=\"pbmit-element-title\"><a href=\"tel:(+216) 71917905\">(+216) 71 917 905<\/a><\/h2>\t\t\t\t\t<\/div>\r\n<\/div><\/div>\t\t\t\t<\/div>\n\t\t\t\t<\/div>\n\t\t\t\t\t<\/div>\n\t\t<\/div>\n\t\t\t\t<div class=\"elementor-column elementor-col-25 elementor-top-column elementor-element elementor-element-97870e6 pbmit-bg-color-over-image\" data-id=\"97870e6\" data-element_type=\"column\">\n\t\t\t<div class=\"elementor-widget-wrap elementor-element-populated\">\n\t\t\t\t\t\t<div class=\"elementor-element elementor-element-c1a35e5 logoElem elementor-widget elementor-widget-pbmit_icon_heading\" data-id=\"c1a35e5\" data-element_type=\"widget\" data-widget_type=\"pbmit_icon_heading.default\">\n\t\t\t\t<div class=\"elementor-widget-container\">\n\t\t\t\t\t<div class=\"pbmit-ihbox pbmit-ihbox-style-13\"><div class=\"pbmit-ihbox-box\">\r\n\t<div class=\"pbmit-ihbox-icon\"><div class=\"pbmit-ihbox-icon-wrapper pbmit-icon-type-icon\"><i class=\"pbmit-xcare-icon pbmit-xcare-icon-email\"><\/i><\/div><\/div>\t<div class=\"pbmit-ihbox-contents\">\r\n\t\t\t\t\t<h2 class=\"pbmit-element-title\"><a href=\"mailto:contact@convalescencegammarth.com\">contact@convalescencegammarth.com<\/a><\/h2>\t\t\t\t\t<\/div>\r\n<\/div><\/div>\t\t\t\t<\/div>\n\t\t\t\t<\/div>\n\t\t\t\t\t<\/div>\n\t\t<\/div>\n\t\t\t\t\t<\/div>\n\t\t<\/section>\n\t\t\t\t<\/div>\n\t\t","protected":false},"excerpt":{"rendered":"","protected":false},"author":1,"featured_media":0,"parent":0,"menu_order":0,"comment_status":"closed","ping_status":"closed","template":"","meta":{"_acf_changed":false,"inline_featured_image":false,"footnotes":""},"class_list":["post-4062","page","type-page","status-publish","hentry"],"acf":[],"_links":{"self":[{"href":"https:\/\/ecomsolution.dev\/convalescence\/wp-json\/wp\/v2\/pages\/4062","targetHints":{"allow":["GET"]}}],"collection":[{"href":"https:\/\/ecomsolution.dev\/convalescence\/wp-json\/wp\/v2\/pages"}],"about":[{"href":"https:\/\/ecomsolution.dev\/convalescence\/wp-json\/wp\/v2\/types\/page"}],"author":[{"embeddable":true,"href":"https:\/\/ecomsolution.dev\/convalescence\/wp-json\/wp\/v2\/users\/1"}],"replies":[{"embeddable":true,"href":"https:\/\/ecomsolution.dev\/convalescence\/wp-json\/wp\/v2\/comments?post=4062"}],"version-history":[{"count":1,"href":"https:\/\/ecomsolution.dev\/convalescence\/wp-json\/wp\/v2\/pages\/4062\/revisions"}],"predecessor-version":[{"id":4063,"href":"https:\/\/ecomsolution.dev\/convalescence\/wp-json\/wp\/v2\/pages\/4062\/revisions\/4063"}],"wp:attachment":[{"href":"https:\/\/ecomsolution.dev\/convalescence\/wp-json\/wp\/v2\/media?parent=4062"}],"curies":[{"name":"wp","href":"https:\/\/api.w.org\/{rel}","templated":true}]}}