{"id":2635,"date":"2024-09-23T16:26:49","date_gmt":"2024-09-23T16:26:49","guid":{"rendered":"https:\/\/ecomsolution.dev\/convalescence\/?page_id=2635"},"modified":"2024-09-24T16:02:59","modified_gmt":"2024-09-24T16:02:59","slug":"conditions-generales","status":"publish","type":"page","link":"https:\/\/ecomsolution.dev\/convalescence\/conditions-generales\/","title":{"rendered":"Conditions g\u00e9n\u00e9rales"},"content":{"rendered":"<style>.elementor-2635 .elementor-element.elementor-element-6498e6e{margin-top:100px;margin-bottom:0px;padding:0px 0px 100px 0px;}.elementor-2635 .elementor-element.elementor-element-7598f0e .pbmit-heading-desc{font-family:\"Oswald\", Sans-serif;font-weight:400;}.elementor-widget-heading .elementor-heading-title{color:var( --e-global-color-primary );}.elementor-2635 .elementor-element.elementor-element-93e8bf6 .elementor-heading-title{font-family:\"Oswald\", Sans-serif;font-weight:600;color:#00442B;}.elementor-widget-text-editor{color:var( --e-global-color-text );}.elementor-widget-text-editor.elementor-drop-cap-view-stacked .elementor-drop-cap{background-color:var( --e-global-color-primary );}.elementor-widget-text-editor.elementor-drop-cap-view-framed .elementor-drop-cap, .elementor-widget-text-editor.elementor-drop-cap-view-default .elementor-drop-cap{color:var( --e-global-color-primary );border-color:var( --e-global-color-primary );}.elementor-2635 .elementor-element.elementor-element-b288072{font-family:\"Oswald\", Sans-serif;font-weight:400;}.elementor-2635 .elementor-element.elementor-element-f7e230f .elementor-heading-title{font-family:\"Oswald\", Sans-serif;font-weight:600;color:#00442B;}.elementor-2635 .elementor-element.elementor-element-95179f1{font-family:\"Oswald\", Sans-serif;font-weight:400;}.elementor-2635 .elementor-element.elementor-element-69a418e .elementor-heading-title{font-family:\"Oswald\", Sans-serif;font-weight:600;color:#00442B;}.elementor-2635 .elementor-element.elementor-element-bf9d17b{font-family:\"Oswald\", Sans-serif;font-weight:400;}.elementor-2635 .elementor-element.elementor-element-c82de10 .elementor-heading-title{font-family:\"Oswald\", Sans-serif;font-weight:600;color:#00442B;}.elementor-2635 .elementor-element.elementor-element-d08a453{font-family:\"Oswald\", Sans-serif;font-weight:400;}.elementor-2635 .elementor-element.elementor-element-f671706 .elementor-heading-title{font-family:\"Oswald\", Sans-serif;font-weight:600;color:#00442B;}.elementor-2635 .elementor-element.elementor-element-e5e9ebe{font-family:\"Oswald\", Sans-serif;font-weight:400;}.elementor-2635 .elementor-element.elementor-element-e97384e .elementor-heading-title{font-family:\"Oswald\", Sans-serif;font-weight:600;color:#00442B;}.elementor-2635 .elementor-element.elementor-element-08feab1{font-family:\"Oswald\", Sans-serif;font-weight:400;}.elementor-2635 .elementor-element.elementor-element-853d181 .elementor-heading-title{font-family:\"Oswald\", Sans-serif;font-weight:600;color:#00442B;}.elementor-2635 .elementor-element.elementor-element-8dc2732{font-family:\"Oswald\", Sans-serif;font-weight:400;}.elementor-2635 .elementor-element.elementor-element-850bf8b .elementor-heading-title{font-family:\"Oswald\", Sans-serif;font-weight:600;color:#00442B;}.elementor-2635 .elementor-element.elementor-element-e9e54fb{font-family:\"Oswald\", Sans-serif;font-weight:400;}.elementor-2635 .elementor-element.elementor-element-96d25da > .elementor-container > .elementor-column > .elementor-widget-wrap{align-content:center;align-items:center;}.elementor-2635 .elementor-element.elementor-element-96d25da > .elementor-background-overlay{background-color:#00794D;opacity:0.5;transition:background 0.3s, border-radius 0.3s, opacity 0.3s;}.elementor-2635 .elementor-element.elementor-element-96d25da{transition:background 0.3s, border 0.3s, border-radius 0.3s, box-shadow 0.3s;padding:36px 0px 36px 0px;}.elementor-2635 .elementor-element.elementor-element-b08a793 > .elementor-element-populated{padding:0px 15px 0px 12px;}.elementor-widget-icon-list .elementor-icon-list-item:not(:last-child):after{border-color:var( --e-global-color-text );}.elementor-widget-icon-list .elementor-icon-list-icon i{color:var( --e-global-color-primary );}.elementor-widget-icon-list .elementor-icon-list-icon svg{fill:var( --e-global-color-primary );}.elementor-widget-icon-list .elementor-icon-list-text{color:var( --e-global-color-secondary );}.elementor-2635 .elementor-element.elementor-element-d15c03e .elementor-icon-list-icon i{transition:color 0.3s;}.elementor-2635 .elementor-element.elementor-element-d15c03e .elementor-icon-list-icon svg{transition:fill 0.3s;}.elementor-2635 .elementor-element.elementor-element-d15c03e{--e-icon-list-icon-size:14px;--icon-vertical-offset:0px;}.elementor-2635 .elementor-element.elementor-element-d15c03e .elementor-icon-list-item > .elementor-icon-list-text, .elementor-2635 .elementor-element.elementor-element-d15c03e .elementor-icon-list-item > a{font-family:\"Oswald\", Sans-serif;}.elementor-2635 .elementor-element.elementor-element-d15c03e .elementor-icon-list-text{transition:color 0.3s;}.elementor-2635 .elementor-element.elementor-element-aa26339 > .elementor-element-populated{padding:0px 0px 0px 15px;}.elementor-2635 .elementor-element.elementor-element-74211aa > .elementor-element-populated{padding:0px 12px 0px 15px;}@media(max-width:1024px){.elementor-2635 .elementor-element.elementor-element-96d25da{padding:36px 30px 36px 30px;}.elementor-2635 .elementor-element.elementor-element-b08a793 > .elementor-element-populated{padding:0px 0px 30px 0px;}.elementor-2635 .elementor-element.elementor-element-aa26339 > .elementor-element-populated{padding:0px 15px 0px 0px;}.elementor-2635 .elementor-element.elementor-element-74211aa > .elementor-element-populated{padding:0px 0px 0px 15px;}}@media(max-width:767px){.elementor-2635 .elementor-element.elementor-element-6498e6e{padding:0px 0px 40px 0px;}.elementor-2635 .elementor-element.elementor-element-aa26339 > .elementor-element-populated{padding:0px 0px 0px 0px;}.elementor-2635 .elementor-element.elementor-element-74211aa > .elementor-element-populated{padding:20px 0px 0px 0px;}}@media(min-width:768px){.elementor-2635 .elementor-element.elementor-element-b08a793{width:55%;}.elementor-2635 .elementor-element.elementor-element-aa26339{width:25%;}.elementor-2635 .elementor-element.elementor-element-74211aa{width:19.753%;}}@media(max-width:1024px) and (min-width:768px){.elementor-2635 .elementor-element.elementor-element-b08a793{width:100%;}.elementor-2635 .elementor-element.elementor-element-aa26339{width:50%;}.elementor-2635 .elementor-element.elementor-element-74211aa{width:50%;}}<\/style>\t\t<div data-elementor-type=\"wp-page\" data-elementor-id=\"2635\" class=\"elementor elementor-2635\" data-elementor-post-type=\"page\">\n\t\t\t\t\t\t<section class=\"elementor-section elementor-top-section elementor-element elementor-element-6498e6e pbmit-col-stretched-none pbmit-bg-color-over-image elementor-section-boxed elementor-section-height-default elementor-section-height-default\" data-id=\"6498e6e\" data-element_type=\"section\">\n\t\t\t\t\t\t<div class=\"elementor-container elementor-column-gap-no\">\n\t\t\t\t\t<div class=\"elementor-column elementor-col-100 elementor-top-column elementor-element elementor-element-6017970 pbmit-bg-color-yes pbmit-elementor-bg-color-light pbmit-bg-color-over-image\" data-id=\"6017970\" data-element_type=\"column\">\n\t\t\t<div class=\"elementor-widget-wrap elementor-element-populated\">\n\t\t\t\t\t\t<div class=\"elementor-element elementor-element-7598f0e elementor-widget elementor-widget-pbmit_heading\" data-id=\"7598f0e\" data-element_type=\"widget\" data-widget_type=\"pbmit_heading.default\">\n\t\t\t\t<div class=\"elementor-widget-container\">\n\t\t\t\t\t\t<div class=\"pbmit-heading-subheading pbmit-reverse-heading-yes animation-style2\"><h4 class=\"pbmit-element-subtitle\"><span>\r\n\t\t\t<\/span>\r\n\t\t\t\r\n\t\t\t\tConditions g\u00e9n\u00e9rales\r\n\t\t\t\r\n\t\t\t<\/h4>\r\n\t\t<h2 class=\"pbmit-element-title\">\r\n\t\t\t\r\n\t\t\t\tConditions g\u00e9n\u00e9rales d\u2019utilisation \r\n\t\t\t\r\n\t\t\t<\/h2>\r\n\t\t<div class=\"pbmit-heading-desc\">Les pr\u00e9sentes conditions g\u00e9n\u00e9rales d\u2019utilisation r\u00e9gissent l\u2019acc\u00e8s et l\u2019utilisation du site web de Convalescence Gammarth. En acc\u00e9dant au site, vous acceptez sans r\u00e9serve les pr\u00e9sentes CGU. <\/div><\/div>\t\t\t\t<\/div>\n\t\t\t\t<\/div>\n\t\t\t\t<div class=\"elementor-element elementor-element-93e8bf6 elementor-widget elementor-widget-heading\" data-id=\"93e8bf6\" data-element_type=\"widget\" data-widget_type=\"heading.default\">\n\t\t\t\t<div class=\"elementor-widget-container\">\n\t\t\t\t\t<h5 class=\"elementor-heading-title elementor-size-default\">Acc\u00e8s au site<\/h5>\t\t\t\t<\/div>\n\t\t\t\t<\/div>\n\t\t\t\t<div class=\"elementor-element elementor-element-b288072 elementor-widget elementor-widget-text-editor\" data-id=\"b288072\" data-element_type=\"widget\" data-widget_type=\"text-editor.default\">\n\t\t\t\t<div class=\"elementor-widget-container\">\n\t\t\t\t\t\t\t\t\t<p>L\u2019acc\u00e8s au site est gratuit et ouvert \u00e0 tous. Cependant, certains services ou informations peuvent \u00eatre r\u00e9serv\u00e9s aux patients, aux professionnels de sant\u00e9, ou aux partenaires de Convalescence Gammarth qui se r\u00e9serve le droit de suspendre ou de restreindre l\u2019acc\u00e8s au site \u00e0 tout moment, sans pr\u00e9avis.<\/p>\t\t\t\t\t\t\t\t<\/div>\n\t\t\t\t<\/div>\n\t\t\t\t<div class=\"elementor-element elementor-element-f7e230f elementor-widget elementor-widget-heading\" data-id=\"f7e230f\" data-element_type=\"widget\" data-widget_type=\"heading.default\">\n\t\t\t\t<div class=\"elementor-widget-container\">\n\t\t\t\t\t<h5 class=\"elementor-heading-title elementor-size-default\">Utilisation du site<\/h5>\t\t\t\t<\/div>\n\t\t\t\t<\/div>\n\t\t\t\t<div class=\"elementor-element elementor-element-95179f1 elementor-widget elementor-widget-text-editor\" data-id=\"95179f1\" data-element_type=\"widget\" data-widget_type=\"text-editor.default\">\n\t\t\t\t<div class=\"elementor-widget-container\">\n\t\t\t\t\t\t\t\t\tL\u2019utilisateur s\u2019engage \u00e0 utiliser le site conform\u00e9ment \u00e0 la l\u00e9gislation en vigueur et aux pr\u00e9sentes CGU. Il est interdit d\u2019utiliser le site pour :\n<ul>\n<li>Diffuser du contenu ill\u00e9gal, diffamatoire ou nuisible.<\/li>\n <li>Porter atteinte aux droits de tiers, notamment en mati\u00e8re de propri\u00e9t\u00e9 intellectuelle.<\/li>\n<li>Tenter de nuire \u00e0 l\u2019int\u00e9grit\u00e9 ou au bon fonctionnement du site.<\/li>\n<\/ul>\t\t\t\t\t\t\t\t<\/div>\n\t\t\t\t<\/div>\n\t\t\t\t<div class=\"elementor-element elementor-element-69a418e elementor-widget elementor-widget-heading\" data-id=\"69a418e\" data-element_type=\"widget\" data-widget_type=\"heading.default\">\n\t\t\t\t<div class=\"elementor-widget-container\">\n\t\t\t\t\t<h5 class=\"elementor-heading-title elementor-size-default\">Propri\u00e9t\u00e9 intellectuelle<\/h5>\t\t\t\t<\/div>\n\t\t\t\t<\/div>\n\t\t\t\t<div class=\"elementor-element elementor-element-bf9d17b elementor-widget elementor-widget-text-editor\" data-id=\"bf9d17b\" data-element_type=\"widget\" data-widget_type=\"text-editor.default\">\n\t\t\t\t<div class=\"elementor-widget-container\">\n\t\t\t\t\t\t\t\t\t<p>Le contenu du site (textes, images, vid\u00e9os, logos et autres \u00e9l\u00e9ments) est prot\u00e9g\u00e9 par le droit d\u2019auteur et les lois sur la propri\u00e9t\u00e9 intellectuelle. Toute reproduction, repr\u00e9sentation, modification, ou diffusion de ce contenu, sans autorisation pr\u00e9alable, est strictement interdite.<\/p>\t\t\t\t\t\t\t\t<\/div>\n\t\t\t\t<\/div>\n\t\t\t\t<div class=\"elementor-element elementor-element-c82de10 elementor-widget elementor-widget-heading\" data-id=\"c82de10\" data-element_type=\"widget\" data-widget_type=\"heading.default\">\n\t\t\t\t<div class=\"elementor-widget-container\">\n\t\t\t\t\t<h5 class=\"elementor-heading-title elementor-size-default\">Responsabilit\u00e9<\/h5>\t\t\t\t<\/div>\n\t\t\t\t<\/div>\n\t\t\t\t<div class=\"elementor-element elementor-element-d08a453 elementor-widget elementor-widget-text-editor\" data-id=\"d08a453\" data-element_type=\"widget\" data-widget_type=\"text-editor.default\">\n\t\t\t\t<div class=\"elementor-widget-container\">\n\t\t\t\t\t\t\t\t\t<p>Convalescence Gammarth met tout en \u0153uvre pour assurer la fiabilit\u00e9 des informations pr\u00e9sentes sur le site. Toutefois, il ne garantit ni l\u2019exactitude, ni l\u2019exhaustivit\u00e9 des informations fournies, et ne saurait \u00eatre tenu responsable des dommages directs ou indirects d\u00e9coulant de l\u2019utilisation du site.<br \/>L\u2019utilisateur est \u00e9galement responsable de ses \u00e9quipements informatiques et de l\u2019utilisation des informations et services propos\u00e9s par le site.<\/p>\t\t\t\t\t\t\t\t<\/div>\n\t\t\t\t<\/div>\n\t\t\t\t<div class=\"elementor-element elementor-element-f671706 elementor-widget elementor-widget-heading\" data-id=\"f671706\" data-element_type=\"widget\" data-widget_type=\"heading.default\">\n\t\t\t\t<div class=\"elementor-widget-container\">\n\t\t\t\t\t<h5 class=\"elementor-heading-title elementor-size-default\">Protection des donn\u00e9es \u00e0 caract\u00e8re personnel <\/h5>\t\t\t\t<\/div>\n\t\t\t\t<\/div>\n\t\t\t\t<div class=\"elementor-element elementor-element-e5e9ebe elementor-widget elementor-widget-text-editor\" data-id=\"e5e9ebe\" data-element_type=\"widget\" data-widget_type=\"text-editor.default\">\n\t\t\t\t<div class=\"elementor-widget-container\">\n\t\t\t\t\t\t\t\t\t<p>Les donn\u00e9es \u00e0 caract\u00e8re personnel collect\u00e9es via le site sont trait\u00e9es conform\u00e9ment \u00e0 la politique de confidentialit\u00e9 du centre et en conformit\u00e9 avec les lois applicables, notamment la Loi organique n\u00b0 2004-63 du 27 juillet 2004, portant sur la protection des donn\u00e9es \u00e0 caract\u00e8re personnel. Vous disposez d\u2019un droit d\u2019acc\u00e8s, de rectification, et de suppression de vos donn\u00e9es en contactant Convalescence Gammarth.<\/p>\t\t\t\t\t\t\t\t<\/div>\n\t\t\t\t<\/div>\n\t\t\t\t<div class=\"elementor-element elementor-element-e97384e elementor-widget elementor-widget-heading\" data-id=\"e97384e\" data-element_type=\"widget\" data-widget_type=\"heading.default\">\n\t\t\t\t<div class=\"elementor-widget-container\">\n\t\t\t\t\t<h5 class=\"elementor-heading-title elementor-size-default\">Liens hypertextes<\/h5>\t\t\t\t<\/div>\n\t\t\t\t<\/div>\n\t\t\t\t<div class=\"elementor-element elementor-element-08feab1 elementor-widget elementor-widget-text-editor\" data-id=\"08feab1\" data-element_type=\"widget\" data-widget_type=\"text-editor.default\">\n\t\t\t\t<div class=\"elementor-widget-container\">\n\t\t\t\t\t\t\t\t\t<p>Le site peut contenir des liens vers des sites tiers. Convalescence Gammarth ne saurait \u00eatre tenu responsable du contenu de ces sites externes, ni des dommages pouvant d\u00e9couler de leur consultation.<\/p>\t\t\t\t\t\t\t\t<\/div>\n\t\t\t\t<\/div>\n\t\t\t\t<div class=\"elementor-element elementor-element-853d181 elementor-widget elementor-widget-heading\" data-id=\"853d181\" data-element_type=\"widget\" data-widget_type=\"heading.default\">\n\t\t\t\t<div class=\"elementor-widget-container\">\n\t\t\t\t\t<h5 class=\"elementor-heading-title elementor-size-default\">Modification des CGU\n<\/h5>\t\t\t\t<\/div>\n\t\t\t\t<\/div>\n\t\t\t\t<div class=\"elementor-element elementor-element-8dc2732 elementor-widget elementor-widget-text-editor\" data-id=\"8dc2732\" data-element_type=\"widget\" data-widget_type=\"text-editor.default\">\n\t\t\t\t<div class=\"elementor-widget-container\">\n\t\t\t\t\t\t\t\t\t<p>Convalescence Gammarth se r\u00e9serve le droit de modifier \u00e0 tout moment les pr\u00e9sentes CGU. Les modifications seront publi\u00e9es sur cette page et entreront en vigueur imm\u00e9diatement apr\u00e8s leur mise en ligne.<\/p>\t\t\t\t\t\t\t\t<\/div>\n\t\t\t\t<\/div>\n\t\t\t\t<div class=\"elementor-element elementor-element-850bf8b elementor-widget elementor-widget-heading\" data-id=\"850bf8b\" data-element_type=\"widget\" data-widget_type=\"heading.default\">\n\t\t\t\t<div class=\"elementor-widget-container\">\n\t\t\t\t\t<h5 class=\"elementor-heading-title elementor-size-default\">Contact<\/h5>\t\t\t\t<\/div>\n\t\t\t\t<\/div>\n\t\t\t\t<div class=\"elementor-element elementor-element-e9e54fb elementor-widget elementor-widget-text-editor\" data-id=\"e9e54fb\" data-element_type=\"widget\" data-widget_type=\"text-editor.default\">\n\t\t\t\t<div class=\"elementor-widget-container\">\n\t\t\t\t\t\t\t\t\t<p>Pour toute question ou r\u00e9clamation relative aux pr\u00e9sentes CGU, vous pouvez nous contacter \u00e0 l\u2019adresse suivante :<\/p><p>58 Bis, Avenue de l&#8217;environnement Gammarth 1057 &#8211; La Marsa, Tunis, Tunisie.<\/p><p><a href=\"tel:(+216) 71 917 905\">(+216) 71 917 905<\/a><br \/><a href=\"mailto:contact@convalescencegammarth.com\">contact@convalescencegammarth.com<\/a><\/p><p>En utilisant le site, vous reconnaissez avoir lu et accept\u00e9 ces conditions g\u00e9n\u00e9rales d\u2019utilisation.<\/p>\t\t\t\t\t\t\t\t<\/div>\n\t\t\t\t<\/div>\n\t\t\t\t\t<\/div>\n\t\t<\/div>\n\t\t\t\t\t<\/div>\n\t\t<\/section>\n\t\t\t\t<section class=\"elementor-section elementor-top-section elementor-element elementor-element-96d25da pbmit-bg-color-yes pbmit-elementor-bg-color-blackish elementor-section-content-middle elementor-section-stretched pbmit-text-color-white pbmit-col-stretched-none pbmit-bg-color-over-image elementor-section-boxed elementor-section-height-default elementor-section-height-default\" data-id=\"96d25da\" data-element_type=\"section\" data-settings=\"{&quot;stretch_section&quot;:&quot;section-stretched&quot;,&quot;background_background&quot;:&quot;classic&quot;}\">\n\t\t\t\t\t\t\t<div class=\"elementor-background-overlay\"><\/div>\n\t\t\t\t\t\t\t<div class=\"elementor-container elementor-column-gap-no\">\n\t\t\t\t\t<div class=\"elementor-column elementor-col-50 elementor-top-column elementor-element elementor-element-b08a793 pbmit-bg-color-over-image\" data-id=\"b08a793\" data-element_type=\"column\">\n\t\t\t<div class=\"elementor-widget-wrap elementor-element-populated\">\n\t\t\t\t\t\t<div class=\"elementor-element elementor-element-d15c03e elementor-icon-list--layout-inline pbmit-footer-menu-top elementor-list-item-link-full_width elementor-widget elementor-widget-icon-list\" data-id=\"d15c03e\" data-element_type=\"widget\" data-widget_type=\"icon-list.default\">\n\t\t\t\t<div class=\"elementor-widget-container\">\n\t\t\t\t\t\t\t<ul class=\"elementor-icon-list-items elementor-inline-items\">\n\t\t\t\t\t\t\t<li class=\"elementor-icon-list-item elementor-inline-item\">\n\t\t\t\t\t\t\t\t\t\t\t<a href=\"https:\/\/ecomsolution.dev\/convalescence\/notre-histoire\/\">\n\n\t\t\t\t\t\t\t\t\t\t\t<span class=\"elementor-icon-list-text\">Notre histoire<\/span>\n\t\t\t\t\t\t\t\t\t\t\t<\/a>\n\t\t\t\t\t\t\t\t\t<\/li>\n\t\t\t\t\t\t\t\t<li class=\"elementor-icon-list-item elementor-inline-item\">\n\t\t\t\t\t\t\t\t\t\t\t<a href=\"https:\/\/ecomsolution.dev\/convalescence\/notre-equipe\/\">\n\n\t\t\t\t\t\t\t\t\t\t\t<span class=\"elementor-icon-list-text\">Notre \u00e9quipe<\/span>\n\t\t\t\t\t\t\t\t\t\t\t<\/a>\n\t\t\t\t\t\t\t\t\t<\/li>\n\t\t\t\t\t\t\t\t<li class=\"elementor-icon-list-item elementor-inline-item\">\n\t\t\t\t\t\t\t\t\t\t\t<a href=\"https:\/\/ecomsolution.dev\/convalescence\/faq\/\">\n\n\t\t\t\t\t\t\t\t\t\t\t<span class=\"elementor-icon-list-text\">FAQ<\/span>\n\t\t\t\t\t\t\t\t\t\t\t<\/a>\n\t\t\t\t\t\t\t\t\t<\/li>\n\t\t\t\t\t\t<\/ul>\n\t\t\t\t\t\t<\/div>\n\t\t\t\t<\/div>\n\t\t\t\t\t<\/div>\n\t\t<\/div>\n\t\t\t\t<div class=\"elementor-column elementor-col-25 elementor-top-column elementor-element elementor-element-aa26339 pbmit-bg-color-over-image\" data-id=\"aa26339\" data-element_type=\"column\">\n\t\t\t<div class=\"elementor-widget-wrap elementor-element-populated\">\n\t\t\t\t\t\t<div class=\"elementor-element elementor-element-8c9c7de logoElem elementor-widget elementor-widget-pbmit_icon_heading\" data-id=\"8c9c7de\" data-element_type=\"widget\" data-widget_type=\"pbmit_icon_heading.default\">\n\t\t\t\t<div class=\"elementor-widget-container\">\n\t\t\t\t\t<div class=\"pbmit-ihbox pbmit-ihbox-style-13\"><div class=\"pbmit-ihbox-box\">\r\n\t<div class=\"pbmit-ihbox-icon\"><div class=\"pbmit-ihbox-icon-wrapper pbmit-icon-type-icon\"><i class=\"pbmit-xcare-icon pbmit-xcare-icon-phone-call\"><\/i><\/div><\/div>\t<div class=\"pbmit-ihbox-contents\">\r\n\t\t\t\t\t<h2 class=\"pbmit-element-title\"><a href=\"tel:(+216) 71917905\">(+216) 71 917 905<\/a><\/h2>\t\t\t\t\t<\/div>\r\n<\/div><\/div>\t\t\t\t<\/div>\n\t\t\t\t<\/div>\n\t\t\t\t\t<\/div>\n\t\t<\/div>\n\t\t\t\t<div class=\"elementor-column elementor-col-25 elementor-top-column elementor-element elementor-element-74211aa pbmit-bg-color-over-image\" data-id=\"74211aa\" data-element_type=\"column\">\n\t\t\t<div class=\"elementor-widget-wrap elementor-element-populated\">\n\t\t\t\t\t\t<div class=\"elementor-element elementor-element-28f80da logoElem elementor-widget elementor-widget-pbmit_icon_heading\" data-id=\"28f80da\" data-element_type=\"widget\" data-widget_type=\"pbmit_icon_heading.default\">\n\t\t\t\t<div class=\"elementor-widget-container\">\n\t\t\t\t\t<div class=\"pbmit-ihbox pbmit-ihbox-style-13\"><div class=\"pbmit-ihbox-box\">\r\n\t<div class=\"pbmit-ihbox-icon\"><div class=\"pbmit-ihbox-icon-wrapper pbmit-icon-type-icon\"><i class=\"pbmit-xcare-icon pbmit-xcare-icon-email\"><\/i><\/div><\/div>\t<div class=\"pbmit-ihbox-contents\">\r\n\t\t\t\t\t<h2 class=\"pbmit-element-title\"><a href=\"mailto:contact@convalescencegammarth.com\">contact@convalescencegammarth.com<\/a><\/h2>\t\t\t\t\t<\/div>\r\n<\/div><\/div>\t\t\t\t<\/div>\n\t\t\t\t<\/div>\n\t\t\t\t\t<\/div>\n\t\t<\/div>\n\t\t\t\t\t<\/div>\n\t\t<\/section>\n\t\t\t\t<\/div>\n\t\t","protected":false},"excerpt":{"rendered":"<p>Conditions g\u00e9n\u00e9rales Conditions g\u00e9n\u00e9rales d\u2019utilisation Les pr\u00e9sentes conditions g\u00e9n\u00e9rales d\u2019utilisation r\u00e9gissent l\u2019acc\u00e8s et l\u2019utilisation du site web de Convalescence Gammarth. En acc\u00e9dant au site, vous acceptez sans r\u00e9serve les pr\u00e9sentes CGU. Acc\u00e8s au site L\u2019acc\u00e8s au site est gratuit et ouvert \u00e0 tous. Cependant, certains services ou informations peuvent \u00eatre r\u00e9serv\u00e9s aux patients, aux professionnels [&hellip;]<\/p>\n","protected":false},"author":1,"featured_media":0,"parent":0,"menu_order":0,"comment_status":"closed","ping_status":"closed","template":"","meta":{"_acf_changed":false,"inline_featured_image":false,"footnotes":""},"class_list":["post-2635","page","type-page","status-publish","hentry"],"acf":[],"_links":{"self":[{"href":"https:\/\/ecomsolution.dev\/convalescence\/wp-json\/wp\/v2\/pages\/2635","targetHints":{"allow":["GET"]}}],"collection":[{"href":"https:\/\/ecomsolution.dev\/convalescence\/wp-json\/wp\/v2\/pages"}],"about":[{"href":"https:\/\/ecomsolution.dev\/convalescence\/wp-json\/wp\/v2\/types\/page"}],"author":[{"embeddable":true,"href":"https:\/\/ecomsolution.dev\/convalescence\/wp-json\/wp\/v2\/users\/1"}],"replies":[{"embeddable":true,"href":"https:\/\/ecomsolution.dev\/convalescence\/wp-json\/wp\/v2\/comments?post=2635"}],"version-history":[{"count":17,"href":"https:\/\/ecomsolution.dev\/convalescence\/wp-json\/wp\/v2\/pages\/2635\/revisions"}],"predecessor-version":[{"id":2825,"href":"https:\/\/ecomsolution.dev\/convalescence\/wp-json\/wp\/v2\/pages\/2635\/revisions\/2825"}],"wp:attachment":[{"href":"https:\/\/ecomsolution.dev\/convalescence\/wp-json\/wp\/v2\/media?parent=2635"}],"curies":[{"name":"wp","href":"https:\/\/api.w.org\/{rel}","templated":true}]}}