{"id":2149,"date":"2024-09-17T16:13:22","date_gmt":"2024-09-17T16:13:22","guid":{"rendered":"https:\/\/ecomsolution.dev\/convalescence\/?page_id=2149"},"modified":"2024-11-08T16:35:59","modified_gmt":"2024-11-08T16:35:59","slug":"blog","status":"publish","type":"page","link":"https:\/\/ecomsolution.dev\/convalescence\/blog\/","title":{"rendered":"Blog"},"content":{"rendered":"<style>.elementor-2149 .elementor-element.elementor-element-af32063{padding:100px 0px 70px 0px;}.elementor-2149 .elementor-element.elementor-element-74c4782 > .elementor-container > .elementor-column > .elementor-widget-wrap{align-content:center;align-items:center;}.elementor-2149 .elementor-element.elementor-element-74c4782 > .elementor-background-overlay{background-color:#00794D;opacity:0.5;transition:background 0.3s, border-radius 0.3s, opacity 0.3s;}.elementor-2149 .elementor-element.elementor-element-74c4782{transition:background 0.3s, border 0.3s, border-radius 0.3s, box-shadow 0.3s;margin-top:100px;margin-bottom:50px;padding:36px 0px 36px 0px;}.elementor-2149 .elementor-element.elementor-element-a9eb004 > .elementor-element-populated{padding:0px 15px 0px 12px;}.elementor-widget-heading .elementor-heading-title{color:var( --e-global-color-primary );}.elementor-2149 .elementor-element.elementor-element-b818c4c .elementor-heading-title{font-family:\"Oswald\", Sans-serif;font-size:45px;font-weight:500;text-transform:uppercase;color:#FFFFFF;}.elementor-2149 .elementor-element.elementor-element-813bf32 > .elementor-element-populated{padding:0px 0px 0px 15px;}.elementor-2149 .elementor-element.elementor-element-38455fd > .elementor-element-populated{padding:0px 12px 0px 15px;}@media(max-width:1024px){.elementor-2149 .elementor-element.elementor-element-af32063{padding:100px 10px 50px 10px;}.elementor-2149 .elementor-element.elementor-element-74c4782{padding:36px 30px 36px 30px;}.elementor-2149 .elementor-element.elementor-element-a9eb004 > .elementor-element-populated{padding:0px 0px 30px 0px;}.elementor-2149 .elementor-element.elementor-element-813bf32 > .elementor-element-populated{padding:0px 15px 0px 0px;}.elementor-2149 .elementor-element.elementor-element-38455fd > .elementor-element-populated{padding:0px 0px 0px 15px;}}@media(max-width:767px){.elementor-2149 .elementor-element.elementor-element-af32063{padding:60px 10px 30px 10px;}.elementor-2149 .elementor-element.elementor-element-b818c4c .elementor-heading-title{font-size:22px;}.elementor-2149 .elementor-element.elementor-element-813bf32 > .elementor-element-populated{padding:0px 0px 0px 0px;}.elementor-2149 .elementor-element.elementor-element-38455fd > .elementor-element-populated{padding:20px 0px 0px 0px;}}@media(min-width:768px){.elementor-2149 .elementor-element.elementor-element-a9eb004{width:50%;}.elementor-2149 .elementor-element.elementor-element-813bf32{width:24.753%;}.elementor-2149 .elementor-element.elementor-element-38455fd{width:25%;}}@media(max-width:1024px) and (min-width:768px){.elementor-2149 .elementor-element.elementor-element-a9eb004{width:100%;}.elementor-2149 .elementor-element.elementor-element-813bf32{width:50%;}.elementor-2149 .elementor-element.elementor-element-38455fd{width:50%;}}\/* Start custom CSS for section, class: .elementor-element-af32063 *\/.pbmit-meta-author.pbmit-meta-line {\r\n    display: none;\r\n}\/* End custom CSS *\/\n\/* Start custom CSS for pbmit_icon_heading, class: .elementor-element-53d9aed *\/.material-icons, .mdi {\r\n    \r\n    font-size: 25px !important;\r\n}\/* End custom CSS *\/\n\/* Start custom CSS for section, class: .elementor-element-74c4782 *\/@media (max-width: 435px){\n    .pbmit-ihbox-style-13 .pbmit-element-title{\n        font-size:16px !important;\n    }\n}\n\n\n@media (max-width: 370px)\t{\n\t\t.pbmit-ihbox-style-13 .pbmit-element-title {\n\t\t\tfont-size: 13px !important;\n\t\t}\n}\/* End custom CSS *\/<\/style>\t\t<div data-elementor-type=\"wp-page\" data-elementor-id=\"2149\" class=\"elementor elementor-2149\" data-elementor-post-type=\"page\">\n\t\t\t\t\t\t<div class=\"elementor-section elementor-top-section elementor-element elementor-element-af32063 pbmit-col-stretched-none pbmit-bg-color-over-image elementor-section-boxed elementor-section-height-default elementor-section-height-default\" data-id=\"af32063\" data-element_type=\"section\">\n\t\t\t\t\t\t<div class=\"elementor-container elementor-column-gap-no\">\n\t\t\t\t\t<div class=\"elementor-column elementor-col-100 elementor-top-column elementor-element elementor-element-331d1ff pbmit-bg-color-over-image\" data-id=\"331d1ff\" data-element_type=\"column\">\n\t\t\t<div class=\"elementor-widget-wrap elementor-element-populated\">\n\t\t\t\t\t\t<div class=\"elementor-element elementor-element-fa128c7 elementor-widget elementor-widget-pbmit_blog_element\" data-id=\"fa128c7\" data-element_type=\"widget\" data-widget_type=\"pbmit_blog_element.default\">\n\t\t\t\t<div class=\"elementor-widget-container\">\n\t\t\t\t\t\r\n\t\t<div class=\"pbminfotech-element\r\n\t\t\tpbminfotech-element-blog\t\t\tpbmit-element-blog-style-1\t\t\tpbmit-element-viewtype-row-column\t\t\tpbmit-element-column-three\t\t\tpbmit-element-sticky-carousel-false\t\t\tpbmit-element-caroursel-dot-false\t\t\tpbmit-infinite-scroll-no\t\t\tpbmit-infinite-scroll-button-no\t\t\t\t\t\t\t\t\t\t\t\t\"\r\n\r\n\t\t\tdata-cpt=\"blog\"\r\n\t\t\tdata-totalpagination=\"1\"\r\n\t\t\tdata-style=\"1\"\r\n\t\t\tdata-show=\"6\"\r\n\t\t\tdata-columns=\"3\"\r\n\t\t\tdata-loop=\"false\"\r\n\t\t\tdata-autoplay=\"false\"\r\n\t\t\tdata-center=\"false\"\r\n\t\t\tdata-nav=\"false\"\r\n\t\t\tdata-dots=\"false\"\r\n\t\t\tdata-reverse=\"false\"\r\n\t\t\tdata-speed=\"1000\"\r\n\t\t\tdata-delay=\"4000\"\r\n\t\t\tdata-margin=\"\"\r\n\t\t\tdata-show-portion=\"false\">\r\n\r\n\t\t\t<div class=\"pbmit-element-inner\">\r\n\t\t\r\n\r\n\t\t\r\n\t\t<div class=\"pbmit-ele-header-area\">\r\n\t\t\t\t<div class=\"pbmit-heading-subheading  animation-style4\"><h2 class=\"pbmit-element-title\">\r\n\t\t\t\r\n\t\t\t\tNotre blog\r\n\t\t\t\r\n\t\t\t<\/h2>\r\n\t\t<\/div>\t\t\t\t\t<\/div>\r\n\r\n\t\t<div class=\"pbmit-infinite-scroll-data\">{\"cpt\":\"blog\",\"style\":\"1\",\"columns\":\"3\",\"show\":\"6\",\"from_category\":[\"soins-de-suites-et-readaptation\"],\"order\":\"DESC\",\"orderby\":\"none\"}<\/div>\r\n\t\t\t<div class=\"pbmit-element-posts-wrapper row multi-columns-row \">\r\n\t\t\t\t\r\n\t\t\t\t<article class=\"pbmit-ele pbmit-ele-blog pbmit-blog-style-1 col-md-4 soins-de-suites-et-readaptation pbmit-term-63 pbmit-odd pbmit-col-odd\"><div class=\"post-item\">\r\n\t<div class=\"pbminfotech-box-content\">\r\n\t\t<div class=\"pbmit-featured-container\">\r\n\t\t\t<div class=\"pbmit-featured-img-wrapper\"><div class=\"pbmit-featured-wrapper\"><a href=\"https:\/\/ecomsolution.dev\/convalescence\/gestion-de-la-douleur-chronique-en-convalescence-approches-modernes\/\"><img fetchpriority=\"high\" decoding=\"async\" width=\"792\" height=\"660\" src=\"https:\/\/ecomsolution.dev\/convalescence\/wp-content\/uploads\/2024\/09\/douleur-2.jpg\" class=\"attachment-pbmit-img-890x660 size-pbmit-img-890x660 wp-post-image\" alt=\"\" \/><\/a><\/div><\/div>\t\t\t<a class=\"pbmit-blog-btn\" href=\"https:\/\/ecomsolution.dev\/convalescence\/gestion-de-la-douleur-chronique-en-convalescence-approches-modernes\/\"><span class=\"pbmit-button-icon-wrapper\"><span class=\"pbmit-button-icon\"><i class=\"pbmit-base-icon-black-arrow-1\"><\/i><\/span><\/span><\/a>\r\n\t\t\t<div class=\"pbmit-meta-cat-wrapper pbmit-meta-line\">\r\n\t\t\t\t<div class=\"pbmit-meta-category\"><a href=\"https:\/\/ecomsolution.dev\/convalescence\/category\/soins-de-suites-et-readaptation\/\" rel=\"category tag\">Soins de suites et R\u00e9adaptation<\/a><\/div>\r\n\t\t\t<\/div>\r\n\t\t\t\t\t\t\t\t\t<a class=\"pbmit-link\" href=\"https:\/\/ecomsolution.dev\/convalescence\/gestion-de-la-douleur-chronique-en-convalescence-approches-modernes\/\"><\/a>\r\n\t\t<\/div>\r\n\t\t<div class=\"pbmit-category-date-wraper d-flex align-items-center\">\r\n\t\t\t<div class=\"pbmit-meta-date-wrapper pbmit-meta-line\">\r\n\t\t\t\t<div class=\"pbmit-meta-date\">\r\n\t\t\t\t\t<span class=\"pbmit-post-date\"><i class=\"pbmit-base-icon-calendar-3\"><\/i>September  12. 2024<\/span>\r\n\t\t\t\t<\/div>\r\n\t\t\t<\/div>\r\n\t\t\t<div class=\"pbmit-meta-author pbmit-meta-line\">\r\n\t\t\t\t<span class=\"pbmit-post-author\"><i class=\"pbmit-base-icon-user-3\"><\/i>admin<\/span>\r\n\t\t\t<\/div>\r\n\t\t<\/div>\r\n\t\t<div class=\"pbmit-content-wrapper\">\r\n\t\t\t<h3 class=\"pbmit-post-title\"><a href=\"https:\/\/ecomsolution.dev\/convalescence\/gestion-de-la-douleur-chronique-en-convalescence-approches-modernes\/\">Gestion de la douleur chronique en convalescence : approches modernes<\/a><\/h3>\r\n\t\t<\/div>\r\n\t<\/div>\r\n<\/div><\/article><article class=\"pbmit-ele pbmit-ele-blog pbmit-blog-style-1 col-md-4 soins-de-suites-et-readaptation pbmit-term-63 pbmit-even pbmit-col-odd\"><div class=\"post-item\">\r\n\t<div class=\"pbminfotech-box-content\">\r\n\t\t<div class=\"pbmit-featured-container\">\r\n\t\t\t<div class=\"pbmit-featured-img-wrapper\"><div class=\"pbmit-featured-wrapper\"><a href=\"https:\/\/ecomsolution.dev\/convalescence\/technologies-emergentes-reeducation-vers-une-prise-en-charge-plus-innovante\/\"><img decoding=\"async\" width=\"792\" height=\"660\" src=\"https:\/\/ecomsolution.dev\/convalescence\/wp-content\/uploads\/2024\/09\/technologies-min.jpg\" class=\"attachment-pbmit-img-890x660 size-pbmit-img-890x660 wp-post-image\" alt=\"\" \/><\/a><\/div><\/div>\t\t\t<a class=\"pbmit-blog-btn\" href=\"https:\/\/ecomsolution.dev\/convalescence\/technologies-emergentes-reeducation-vers-une-prise-en-charge-plus-innovante\/\"><span class=\"pbmit-button-icon-wrapper\"><span class=\"pbmit-button-icon\"><i class=\"pbmit-base-icon-black-arrow-1\"><\/i><\/span><\/span><\/a>\r\n\t\t\t<div class=\"pbmit-meta-cat-wrapper pbmit-meta-line\">\r\n\t\t\t\t<div class=\"pbmit-meta-category\"><a href=\"https:\/\/ecomsolution.dev\/convalescence\/category\/soins-de-suites-et-readaptation\/\" rel=\"category tag\">Soins de suites et R\u00e9adaptation<\/a><\/div>\r\n\t\t\t<\/div>\r\n\t\t\t\t\t\t\t\t\t<a class=\"pbmit-link\" href=\"https:\/\/ecomsolution.dev\/convalescence\/technologies-emergentes-reeducation-vers-une-prise-en-charge-plus-innovante\/\"><\/a>\r\n\t\t<\/div>\r\n\t\t<div class=\"pbmit-category-date-wraper d-flex align-items-center\">\r\n\t\t\t<div class=\"pbmit-meta-date-wrapper pbmit-meta-line\">\r\n\t\t\t\t<div class=\"pbmit-meta-date\">\r\n\t\t\t\t\t<span class=\"pbmit-post-date\"><i class=\"pbmit-base-icon-calendar-3\"><\/i>September  06. 2024<\/span>\r\n\t\t\t\t<\/div>\r\n\t\t\t<\/div>\r\n\t\t\t<div class=\"pbmit-meta-author pbmit-meta-line\">\r\n\t\t\t\t<span class=\"pbmit-post-author\"><i class=\"pbmit-base-icon-user-3\"><\/i>admin<\/span>\r\n\t\t\t<\/div>\r\n\t\t<\/div>\r\n\t\t<div class=\"pbmit-content-wrapper\">\r\n\t\t\t<h3 class=\"pbmit-post-title\"><a href=\"https:\/\/ecomsolution.dev\/convalescence\/technologies-emergentes-reeducation-vers-une-prise-en-charge-plus-innovante\/\">Technologies \u00e9mergentes &#038; r\u00e9\u00e9ducation : vers une prise en charge plus innovante<\/a><\/h3>\r\n\t\t<\/div>\r\n\t<\/div>\r\n<\/div><\/article><article class=\"pbmit-ele pbmit-ele-blog pbmit-blog-style-1 col-md-4 soins-de-suites-et-readaptation pbmit-term-63 pbmit-odd pbmit-col-odd\"><div class=\"post-item\">\r\n\t<div class=\"pbminfotech-box-content\">\r\n\t\t<div class=\"pbmit-featured-container\">\r\n\t\t\t<div class=\"pbmit-featured-img-wrapper\"><div class=\"pbmit-featured-wrapper\"><a href=\"https:\/\/ecomsolution.dev\/convalescence\/limportance-de-la-physiotherapie-dans-la-recuperation-post-avc\/\"><img decoding=\"async\" width=\"792\" height=\"660\" src=\"https:\/\/ecomsolution.dev\/convalescence\/wp-content\/uploads\/2024\/09\/physiotherapie.jpg\" class=\"attachment-pbmit-img-890x660 size-pbmit-img-890x660 wp-post-image\" alt=\"\" \/><\/a><\/div><\/div>\t\t\t<a class=\"pbmit-blog-btn\" href=\"https:\/\/ecomsolution.dev\/convalescence\/limportance-de-la-physiotherapie-dans-la-recuperation-post-avc\/\"><span class=\"pbmit-button-icon-wrapper\"><span class=\"pbmit-button-icon\"><i class=\"pbmit-base-icon-black-arrow-1\"><\/i><\/span><\/span><\/a>\r\n\t\t\t<div class=\"pbmit-meta-cat-wrapper pbmit-meta-line\">\r\n\t\t\t\t<div class=\"pbmit-meta-category\"><a href=\"https:\/\/ecomsolution.dev\/convalescence\/category\/soins-de-suites-et-readaptation\/\" rel=\"category tag\">Soins de suites et R\u00e9adaptation<\/a><\/div>\r\n\t\t\t<\/div>\r\n\t\t\t\t\t\t\t\t\t<a class=\"pbmit-link\" href=\"https:\/\/ecomsolution.dev\/convalescence\/limportance-de-la-physiotherapie-dans-la-recuperation-post-avc\/\"><\/a>\r\n\t\t<\/div>\r\n\t\t<div class=\"pbmit-category-date-wraper d-flex align-items-center\">\r\n\t\t\t<div class=\"pbmit-meta-date-wrapper pbmit-meta-line\">\r\n\t\t\t\t<div class=\"pbmit-meta-date\">\r\n\t\t\t\t\t<span class=\"pbmit-post-date\"><i class=\"pbmit-base-icon-calendar-3\"><\/i>September  06. 2024<\/span>\r\n\t\t\t\t<\/div>\r\n\t\t\t<\/div>\r\n\t\t\t<div class=\"pbmit-meta-author pbmit-meta-line\">\r\n\t\t\t\t<span class=\"pbmit-post-author\"><i class=\"pbmit-base-icon-user-3\"><\/i>admin<\/span>\r\n\t\t\t<\/div>\r\n\t\t<\/div>\r\n\t\t<div class=\"pbmit-content-wrapper\">\r\n\t\t\t<h3 class=\"pbmit-post-title\"><a href=\"https:\/\/ecomsolution.dev\/convalescence\/limportance-de-la-physiotherapie-dans-la-recuperation-post-avc\/\">L&#8217;importance de la physioth\u00e9rapie dans la r\u00e9cup\u00e9ration post-AVC<\/a><\/h3>\r\n\t\t<\/div>\r\n\t<\/div>\r\n<\/div><\/article>\r\n\t\t\t<\/div> <!-- .pbmit-element-posts-wrapper -->\r\n\r\n\t\t\t\r\n\t\t\t\r\n\t\t\r\n\t\t\r\n\t\t\t\t\t<\/div><!-- .pbmit-element-inner -->\r\n\t\t<\/div><!-- .pbminfotech-element -->\r\n\r\n\t\t\r\n\t\t\t\t\t\t<\/div>\n\t\t\t\t<\/div>\n\t\t\t\t\t<\/div>\n\t\t<\/div>\n\t\t\t\t\t<\/div>\n\t\t<\/div>\n\t\t\t\t<section class=\"elementor-section elementor-top-section elementor-element elementor-element-74c4782 pbmit-bg-color-yes pbmit-elementor-bg-color-blackish elementor-section-content-middle elementor-section-stretched pbmit-text-color-white pbmit-col-stretched-none pbmit-bg-color-over-image elementor-section-boxed elementor-section-height-default elementor-section-height-default\" data-id=\"74c4782\" data-element_type=\"section\" data-settings=\"{&quot;stretch_section&quot;:&quot;section-stretched&quot;,&quot;background_background&quot;:&quot;classic&quot;}\">\n\t\t\t\t\t\t\t<div class=\"elementor-background-overlay\"><\/div>\n\t\t\t\t\t\t\t<div class=\"elementor-container elementor-column-gap-no\">\n\t\t\t\t\t<div class=\"elementor-column elementor-col-50 elementor-top-column elementor-element elementor-element-a9eb004 pbmit-bg-color-over-image\" data-id=\"a9eb004\" data-element_type=\"column\">\n\t\t\t<div class=\"elementor-widget-wrap elementor-element-populated\">\n\t\t\t\t\t\t<div class=\"elementor-element elementor-element-b818c4c elementor-widget elementor-widget-heading\" data-id=\"b818c4c\" data-element_type=\"widget\" data-widget_type=\"heading.default\">\n\t\t\t\t<div class=\"elementor-widget-container\">\n\t\t\t\t\t<h2 class=\"elementor-heading-title elementor-size-default\">Vers une nouvelle vitalit\u00e9<\/h2>\t\t\t\t<\/div>\n\t\t\t\t<\/div>\n\t\t\t\t\t<\/div>\n\t\t<\/div>\n\t\t\t\t<div class=\"elementor-column elementor-col-25 elementor-top-column elementor-element elementor-element-813bf32 pbmit-bg-color-over-image\" data-id=\"813bf32\" data-element_type=\"column\">\n\t\t\t<div class=\"elementor-widget-wrap elementor-element-populated\">\n\t\t\t\t\t\t<div class=\"elementor-element elementor-element-53d9aed logoElem elementor-widget elementor-widget-pbmit_icon_heading\" data-id=\"53d9aed\" data-element_type=\"widget\" data-widget_type=\"pbmit_icon_heading.default\">\n\t\t\t\t<div class=\"elementor-widget-container\">\n\t\t\t\t\t<div class=\"pbmit-ihbox pbmit-ihbox-style-13\"><div class=\"pbmit-ihbox-box\">\r\n\t<div class=\"pbmit-ihbox-icon\"><div class=\"pbmit-ihbox-icon-wrapper pbmit-icon-type-icon\"><i class=\"mdi mdi-phone-in-talk\"><\/i><\/div><\/div>\t<div class=\"pbmit-ihbox-contents\">\r\n\t\t\t\t\t<h2 class=\"pbmit-element-title\"><a href=\"tel:(+216) 71917905\">(+216) 71 917 905<\/a><\/h2>\t\t\t\t\t<\/div>\r\n<\/div><\/div>\t\t\t\t<\/div>\n\t\t\t\t<\/div>\n\t\t\t\t\t<\/div>\n\t\t<\/div>\n\t\t\t\t<div class=\"elementor-column elementor-col-25 elementor-top-column elementor-element elementor-element-38455fd pbmit-bg-color-over-image\" data-id=\"38455fd\" data-element_type=\"column\">\n\t\t\t<div class=\"elementor-widget-wrap elementor-element-populated\">\n\t\t\t\t\t\t<div class=\"elementor-element elementor-element-8a3a31c logoElem elementor-widget elementor-widget-pbmit_icon_heading\" data-id=\"8a3a31c\" data-element_type=\"widget\" data-widget_type=\"pbmit_icon_heading.default\">\n\t\t\t\t<div class=\"elementor-widget-container\">\n\t\t\t\t\t<div class=\"pbmit-ihbox pbmit-ihbox-style-13\"><div class=\"pbmit-ihbox-box\">\r\n\t<div class=\"pbmit-ihbox-icon\"><div class=\"pbmit-ihbox-icon-wrapper pbmit-icon-type-icon\"><i class=\"mdi mdi-email\"><\/i><\/div><\/div>\t<div class=\"pbmit-ihbox-contents\">\r\n\t\t\t\t\t<h2 class=\"pbmit-element-title\"><a href=\"mailto:contact@convalescencegammarth.com\">contact@convalescencegammarth.com<\/a><\/h2>\t\t\t\t\t<\/div>\r\n<\/div><\/div>\t\t\t\t<\/div>\n\t\t\t\t<\/div>\n\t\t\t\t\t<\/div>\n\t\t<\/div>\n\t\t\t\t\t<\/div>\n\t\t<\/section>\n\t\t\t\t<\/div>\n\t\t","protected":false},"excerpt":{"rendered":"<p>Notre blog {&#8220;cpt&#8221;:&#8221;blog&#8221;,&#8221;style&#8221;:&#8221;1&#8243;,&#8221;columns&#8221;:&#8221;3&#8243;,&#8221;show&#8221;:&#8221;6&#8243;,&#8221;from_category&#8221;:[&#8220;soins-de-suites-et-readaptation&#8221;],&#8221;order&#8221;:&#8221;DESC&#8221;,&#8221;orderby&#8221;:&#8221;none&#8221;} Soins de suites et R\u00e9adaptation September 12. 2024 admin Gestion de la douleur chronique en convalescence : approches modernes Soins de suites et R\u00e9adaptation September 06. 2024 admin Technologies \u00e9mergentes &#038; r\u00e9\u00e9ducation : vers une prise en charge plus innovante Soins de suites et R\u00e9adaptation September 06. 2024 admin L&#8217;importance de la [&hellip;]<\/p>\n","protected":false},"author":1,"featured_media":0,"parent":0,"menu_order":0,"comment_status":"closed","ping_status":"closed","template":"","meta":{"_acf_changed":false,"inline_featured_image":false,"footnotes":""},"class_list":["post-2149","page","type-page","status-publish","hentry"],"acf":[],"_links":{"self":[{"href":"https:\/\/ecomsolution.dev\/convalescence\/wp-json\/wp\/v2\/pages\/2149","targetHints":{"allow":["GET"]}}],"collection":[{"href":"https:\/\/ecomsolution.dev\/convalescence\/wp-json\/wp\/v2\/pages"}],"about":[{"href":"https:\/\/ecomsolution.dev\/convalescence\/wp-json\/wp\/v2\/types\/page"}],"author":[{"embeddable":true,"href":"https:\/\/ecomsolution.dev\/convalescence\/wp-json\/wp\/v2\/users\/1"}],"replies":[{"embeddable":true,"href":"https:\/\/ecomsolution.dev\/convalescence\/wp-json\/wp\/v2\/comments?post=2149"}],"version-history":[{"count":71,"href":"https:\/\/ecomsolution.dev\/convalescence\/wp-json\/wp\/v2\/pages\/2149\/revisions"}],"predecessor-version":[{"id":4507,"href":"https:\/\/ecomsolution.dev\/convalescence\/wp-json\/wp\/v2\/pages\/2149\/revisions\/4507"}],"wp:attachment":[{"href":"https:\/\/ecomsolution.dev\/convalescence\/wp-json\/wp\/v2\/media?parent=2149"}],"curies":[{"name":"wp","href":"https:\/\/api.w.org\/{rel}","templated":true}]}}